{"id":252,"date":"2021-08-18T05:35:45","date_gmt":"2021-08-18T05:35:45","guid":{"rendered":"https:\/\/lacaleracolombia.com.co\/index.php\/about\/"},"modified":"2023-11-22T16:38:18","modified_gmt":"2023-11-22T16:38:18","slug":"about","status":"publish","type":"page","link":"https:\/\/lacaleracolombia.com.co\/index.php\/about\/","title":{"rendered":"About"},"content":{"rendered":"\t\t<div data-elementor-type=\"wp-page\" data-elementor-id=\"252\" class=\"elementor elementor-252\">\n\t\t\t\t\t\t<section class=\"elementor-section elementor-top-section elementor-element elementor-element-95eebdf elementor-section-boxed elementor-section-height-default elementor-section-height-default\" data-id=\"95eebdf\" data-element_type=\"section\" data-e-type=\"section\" data-settings=\"{&quot;background_background&quot;:&quot;classic&quot;}\">\n\t\t\t\t\t\t<div class=\"elementor-container elementor-column-gap-no\">\n\t\t\t\t\t<div class=\"elementor-column elementor-col-100 elementor-top-column elementor-element elementor-element-3700ce5\" data-id=\"3700ce5\" data-element_type=\"column\" data-e-type=\"column\">\n\t\t\t<div class=\"elementor-widget-wrap elementor-element-populated\">\n\t\t\t\t\t\t<section class=\"elementor-section elementor-inner-section elementor-element elementor-element-ebc51e3 elementor-section-boxed elementor-section-height-default elementor-section-height-default\" data-id=\"ebc51e3\" data-element_type=\"section\" data-e-type=\"section\">\n\t\t\t\t\t\t<div class=\"elementor-container elementor-column-gap-no\">\n\t\t\t\t\t<div class=\"elementor-column elementor-col-33 elementor-inner-column elementor-element elementor-element-caa43ea\" data-id=\"caa43ea\" data-element_type=\"column\" data-e-type=\"column\">\n\t\t\t<div class=\"elementor-widget-wrap elementor-element-populated\">\n\t\t\t\t\t\t<div class=\"elementor-element elementor-element-4e4a19d elementor-widget elementor-widget-heading\" data-id=\"4e4a19d\" data-element_type=\"widget\" data-e-type=\"widget\" data-widget_type=\"heading.default\">\n\t\t\t\t<div class=\"elementor-widget-container\">\n\t\t\t\t\t<h1 class=\"elementor-heading-title elementor-size-default\">Nosotros<\/h1>\t\t\t\t<\/div>\n\t\t\t\t<\/div>\n\t\t\t\t\t<\/div>\n\t\t<\/div>\n\t\t\t\t<div class=\"elementor-column elementor-col-66 elementor-inner-column elementor-element elementor-element-fc22abd\" data-id=\"fc22abd\" data-element_type=\"column\" data-e-type=\"column\">\n\t\t\t<div class=\"elementor-widget-wrap elementor-element-populated\">\n\t\t\t\t\t\t<div class=\"elementor-element elementor-element-c80e5db elementor-widget-divider--view-line elementor-widget elementor-widget-divider\" data-id=\"c80e5db\" data-element_type=\"widget\" data-e-type=\"widget\" data-widget_type=\"divider.default\">\n\t\t\t\t<div class=\"elementor-widget-container\">\n\t\t\t\t\t\t\t<div class=\"elementor-divider\">\n\t\t\t<span class=\"elementor-divider-separator\">\n\t\t\t\t\t\t<\/span>\n\t\t<\/div>\n\t\t\t\t\t\t<\/div>\n\t\t\t\t<\/div>\n\t\t\t\t<div class=\"elementor-element elementor-element-da46fbf elementor-widget elementor-widget-heading\" data-id=\"da46fbf\" data-element_type=\"widget\" data-e-type=\"widget\" data-widget_type=\"heading.default\">\n\t\t\t\t<div class=\"elementor-widget-container\">\n\t\t\t\t\t<h3 class=\"elementor-heading-title elementor-size-default\">Proveemos frutas frescas todos los dias, todo el a\u00f1o.<\/h3>\t\t\t\t<\/div>\n\t\t\t\t<\/div>\n\t\t\t\t<div class=\"elementor-element elementor-element-41fbad1 elementor-widget elementor-widget-text-editor\" data-id=\"41fbad1\" data-element_type=\"widget\" data-e-type=\"widget\" data-widget_type=\"text-editor.default\">\n\t\t\t\t<div class=\"elementor-widget-container\">\n\t\t\t\t\t\t\t\t\t<p>Somos una compa\u00f1ia especializada en\u00a0<\/p>\t\t\t\t\t\t\t\t<\/div>\n\t\t\t\t<\/div>\n\t\t\t\t\t<\/div>\n\t\t<\/div>\n\t\t\t\t\t<\/div>\n\t\t<\/section>\n\t\t\t\t<section class=\"elementor-section elementor-inner-section elementor-element elementor-element-55b0cc5 elementor-section-boxed elementor-section-height-default elementor-section-height-default\" data-id=\"55b0cc5\" data-element_type=\"section\" data-e-type=\"section\">\n\t\t\t\t\t\t<div class=\"elementor-container elementor-column-gap-no\">\n\t\t\t\t\t<div class=\"elementor-column elementor-col-100 elementor-inner-column elementor-element elementor-element-e7a22fd\" data-id=\"e7a22fd\" data-element_type=\"column\" data-e-type=\"column\">\n\t\t\t<div class=\"elementor-widget-wrap elementor-element-populated\">\n\t\t\t\t\t\t<div class=\"elementor-element elementor-element-843a15a elementor-widget elementor-widget-heading\" data-id=\"843a15a\" data-element_type=\"widget\" data-e-type=\"widget\" data-widget_type=\"heading.default\">\n\t\t\t\t<div class=\"elementor-widget-container\">\n\t\t\t\t\t<div class=\"elementor-heading-title elementor-size-medium\">Formamos parte del Grupo Peruano La Calera, con una trayectoria de 75 a\u00f1os en el mercado. Nuestro inicio se remonta al negocio av\u00edcola, contando con la tercera granja m\u00e1s grande de Suram\u00e9rica, con 9 millones de gallinas ponedoras y una producci\u00f3n diaria de 7 millones de huevos.\nA medida que crec\u00edamos en el negocio de las gallinas, decidimos expandirnos al sector agropecuario. Hace 45 a\u00f1os, incursionamos en este \u00e1mbito y nos convertimos en los principales productores de c\u00edtricos en Per\u00fa. Nuestra finca principal, La Calera, se extiende a lo largo de 1700 hect\u00e1reas y se dedica principalmente al cultivo de mandarinas, naranjas y tangelos. Tambi\u00e9n cultivamos aguacates y mangos en la misma finca.\nPozo Alto, Agostino y Prolan conforman otro grupo de fincas, todas ellas con plantaciones de mandarinas. Tambi\u00e9n contamos con fincas en Tungasuca (Piura) y La Portada (Ica), dedicadas a la producci\u00f3n de uva.\nNuestra experiencia y conocimiento en el cultivo de c\u00edtricos y uvas nos han llevado a convertirnos en los principales proveedores de estos productos en Colombia.\nEn el \u00e1mbito industrial, contamos con Procesadora Laran - Prolan, una planta que se encarga de recibir, seleccionar, clasificar y empacar la fruta para su posterior exportaci\u00f3n. Tambi\u00e9n tenemos una planta de envasados donde producimos cascos de mandarina en alm\u00edbar, los cuales exportamos principalmente a Europa y Asia.\nEl grupo abarca tres empresas comercializadoras: La Calera Colombia, Andean Sun Produce (USA) y Pacific Produce (Inglaterra).\nEs as\u00ed como iniciamos operaciones en La Calera Colombia en el a\u00f1o 2007, posicion\u00e1ndonos como la primera empresa importadora de c\u00edtricos en el pa\u00eds con oferta en supermercados. Posteriormente comenzamos a importar uvas de Per\u00fa para introducirlas tambi\u00e9n el sector retail.\nPara garantizar una oferta constante durante todo el a\u00f1o, establecimos acuerdos de importaci\u00f3n con otros pa\u00edses que nos permit\u00edan hacer la contra estaci\u00f3n. Fue as\u00ed como iniciamos una alianza con la empresa San Alfonso de Espa\u00f1a para los c\u00edtricos y con empresas de Chile y Estados Unidos para la oferta de uva.\nA partir de 2012, y respondiendo a las solicitudes de nuestros clientes en el sector retail, diversificamos nuestra oferta importando una amplia variedad de frutas de diferentes pa\u00edses. Hoy en d\u00eda, nuestro portafolio incluye c\u00edtricos, uvas, manzanas, peras, carozos, granadas y kiwis, de proveedores con quienes hemos establecido alianzas de largo plazo, garantizando as\u00ed la calidad y el servicio a nuestros clientes.\nNuestra oficina principal se encuentra en Cota, donde contamos con cuartos fr\u00edos con capacidad para m\u00e1s de 40 contenedores y una planta de empaque que atiende la demanda de los supermercados. Adem\u00e1s, tenemos presencia en el mercado tradicional de Bogot\u00e1, Medell\u00edn y Cali, y hemos desarrollado un plan de comercializaci\u00f3n en Barranquilla. Nuestro compromiso es seguir creciendo y ofreciendo productos de calidad en el mercado colombiano y m\u00e1s all\u00e1. Su compromiso con la calidad y el servicio ha sido fundamental para forjar relaciones s\u00f3lidas con sus proveedores y clientes a lo largo del tiempo.\nProp\u00f3sito\nBrindar a nuestros clientes una oferta diversa y constante de fruta importada procedente de diferentes pa\u00edses, asegurando una amplia gama de productos durante todo el a\u00f1o, complementando la oferta nacional.\nGarantizando as\u00ed un servicio excepcional al sector retail y al mercado tradicional, manteniendo alianzas s\u00f3lidas con proveedores internacionales confiables y operando con responsabilidad social y medioambiental. \n<\/div>\t\t\t\t<\/div>\n\t\t\t\t<\/div>\n\t\t\t\t\t<\/div>\n\t\t<\/div>\n\t\t\t\t\t<\/div>\n\t\t<\/section>\n\t\t\t\t\t<\/div>\n\t\t<\/div>\n\t\t\t\t\t<\/div>\n\t\t<\/section>\n\t\t\t\t<\/div>\n\t\t","protected":false},"excerpt":{"rendered":"<p>Nosotros Proveemos frutas frescas todos los dias, todo el a\u00f1o. Somos una compa\u00f1ia especializada en\u00a0 Formamos parte del Grupo Peruano La Calera, con una trayectoria de 75 a\u00f1os en el mercado. Nuestro inicio se remonta al negocio av\u00edcola, contando con la tercera granja m\u00e1s grande de Suram\u00e9rica, con 9 millones de gallinas ponedoras y una &hellip;<\/p>\n<p class=\"read-more\"> <a class=\"\" href=\"https:\/\/lacaleracolombia.com.co\/index.php\/about\/\"> <span class=\"screen-reader-text\">About<\/span> Leer m\u00e1s &raquo;<\/a><\/p>\n","protected":false},"author":1,"featured_media":0,"parent":0,"menu_order":0,"comment_status":"closed","ping_status":"closed","template":"","meta":{"site-sidebar-layout":"no-sidebar","site-content-layout":"page-builder","ast-global-header-display":"","ast-main-header-display":"","ast-hfb-above-header-display":"","ast-hfb-below-header-display":"","ast-hfb-mobile-header-display":"","site-post-title":"disabled","ast-breadcrumbs-content":"disabled","ast-featured-img":"disabled","footer-sml-layout":"","theme-transparent-header-meta":"default","adv-header-id-meta":"","stick-header-meta":"","header-above-stick-meta":"","header-main-stick-meta":"","header-below-stick-meta":"","footnotes":""},"class_list":["post-252","page","type-page","status-publish","hentry"],"_links":{"self":[{"href":"https:\/\/lacaleracolombia.com.co\/index.php\/wp-json\/wp\/v2\/pages\/252","targetHints":{"allow":["GET"]}}],"collection":[{"href":"https:\/\/lacaleracolombia.com.co\/index.php\/wp-json\/wp\/v2\/pages"}],"about":[{"href":"https:\/\/lacaleracolombia.com.co\/index.php\/wp-json\/wp\/v2\/types\/page"}],"author":[{"embeddable":true,"href":"https:\/\/lacaleracolombia.com.co\/index.php\/wp-json\/wp\/v2\/users\/1"}],"replies":[{"embeddable":true,"href":"https:\/\/lacaleracolombia.com.co\/index.php\/wp-json\/wp\/v2\/comments?post=252"}],"version-history":[{"count":19,"href":"https:\/\/lacaleracolombia.com.co\/index.php\/wp-json\/wp\/v2\/pages\/252\/revisions"}],"predecessor-version":[{"id":2706,"href":"https:\/\/lacaleracolombia.com.co\/index.php\/wp-json\/wp\/v2\/pages\/252\/revisions\/2706"}],"wp:attachment":[{"href":"https:\/\/lacaleracolombia.com.co\/index.php\/wp-json\/wp\/v2\/media?parent=252"}],"curies":[{"name":"wp","href":"https:\/\/api.w.org\/{rel}","templated":true}]}}